{"id":2110,"date":"2022-02-02T22:17:11","date_gmt":"2022-02-02T22:17:11","guid":{"rendered":"https:\/\/langwieser.de\/karriere"},"modified":"2025-02-25T13:13:56","modified_gmt":"2025-02-25T13:13:56","slug":"karriere","status":"publish","type":"page","link":"https:\/\/langwieser.de\/en\/karriere","title":{"rendered":"Karriere"},"content":{"rendered":"<div class=\"wpb-content-wrapper\"><p>[vc_row unlock_row_content=&#8221;yes&#8221; row_height_percent=&#8221;0&#8243; override_padding=&#8221;yes&#8221; h_padding=&#8221;0&#8243; top_padding=&#8221;0&#8243; bottom_padding=&#8221;0&#8243; overlay_alpha=&#8221;50&#8243; equal_height=&#8221;yes&#8221; gutter_size=&#8221;0&#8243; column_width_percent=&#8221;100&#8243; shift_y=&#8221;0&#8243; z_index=&#8221;0&#8243; uncode_shortcode_id=&#8221;751018&#8243;][vc_column column_width_percent=&#8221;100&#8243; gutter_size=&#8221;3&#8243; override_padding=&#8221;yes&#8221; column_padding=&#8221;5&#8243; style=&#8221;dark&#8221; back_color=&#8221;color-darkerblue&#8221; overlay_alpha=&#8221;50&#8243; shift_x=&#8221;0&#8243; shift_y=&#8221;0&#8243; shift_y_down=&#8221;0&#8243; z_index=&#8221;0&#8243; medium_width=&#8221;0&#8243; mobile_width=&#8221;0&#8243; width=&#8221;1\/2&#8243; uncode_shortcode_id=&#8221;523096&#8243; back_color_type=&#8221;uncode-palette&#8221;][vc_column_text css_animation=&#8221;zoom-in&#8221; animation_delay=&#8221;400&#8243; uncode_shortcode_id=&#8221;270811&#8243;]Wenn Du neben einer herausragenden fachlichen Qualifikation und hoher Serviceorientierung auch Unternehmertum und eine professionelle wie strukturierte Arbeitsweise mitbringst, freuen wir uns \u00fcber Deine Bewerbung auf eine der folgenden Vakanzen.[\/vc_column_text][\/vc_column][vc_column column_width_percent=&#8221;100&#8243; gutter_size=&#8221;3&#8243; override_padding=&#8221;yes&#8221; column_padding=&#8221;0&#8243; style=&#8221;dark&#8221; overlay_alpha=&#8221;50&#8243; shift_x=&#8221;0&#8243; shift_y=&#8221;0&#8243; shift_y_down=&#8221;0&#8243; z_index=&#8221;0&#8243; medium_width=&#8221;0&#8243; mobile_width=&#8221;0&#8243; width=&#8221;1\/2&#8243; uncode_shortcode_id=&#8221;117424&#8243;][vc_row_inner][vc_column_inner column_width_percent=&#8221;100&#8243; gutter_size=&#8221;3&#8243; override_padding=&#8221;yes&#8221; column_padding=&#8221;5&#8243; style=&#8221;dark&#8221; back_color=&#8221;color-blue&#8221; overlay_alpha=&#8221;50&#8243; shift_x=&#8221;0&#8243; shift_y=&#8221;0&#8243; shift_y_down=&#8221;0&#8243; z_index=&#8221;0&#8243; medium_width=&#8221;0&#8243; mobile_width=&#8221;0&#8243; width=&#8221;1\/1&#8243; uncode_shortcode_id=&#8221;581216&#8243; back_color_type=&#8221;uncode-palette&#8221;][vc_custom_heading text_font=&#8221;font-metrischbold&#8221; text_size=&#8221;fontsize-32px&#8221; text_transform=&#8221;uppercase&#8221; css_animation=&#8221;typewriter&#8221; animation_delay=&#8221;400&#8243; interval_animation=&#8221;100&#8243; uncode_shortcode_id=&#8221;131514&#8243; subheading=&#8221;Berlin und M\u00fcnchen&#8221;]Referendariat[\/vc_custom_heading][vc_column_text uncode_shortcode_id=&#8221;558548&#8243;]Wenn Du unsere Kanzlei kennenlernen willst, Du aber (noch) kein Rechtsanwalt bist \u2013 bewirb Dich schon jetzt als Referendar (m\/w\/d) . Wir suchen laufend Referendare, die das Zeug haben, in Zukunft als Rechtsanwalt (m\/w\/d) bei uns einzusteigen.<\/p>\n<p>&nbsp;<\/p>\n<p>Bei Interesse an einer T\u00e4tigkeit am Berliner Standort schicke Deine aussagekr\u00e4ftige Bewerbung bitte per E-Mail direkt an\u00a0<a href=\"https:\/\/langwieser.de\/en\/lawyer\/dr-robert-k-strecker\">Dr.\u00a0Robert\u00a0Strecker<\/a>.<\/p>\n<p>Bei Interesse an einer T\u00e4tigkeit am M\u00fcnchner Standort schicke Deine aussagekr\u00e4ftige Bewerbung bitte per E-Mail direkt an <a href=\"https:\/\/langwieser.de\/en\/lawyer\/martin-langwieser\">Martin\u00a0Langwieser<\/a>.<\/p>\n<p>R\u00fcckfragen per Telefon an Dr.\u00a0Robert\u00a0Strecker (Tel.: +49 (0) 30 \/ 762 39 26 22) und an Martin\u00a0Langwieser (Tel.:+49 (0) 89 \/ 4 111 905 34) nat\u00fcrlich immer gern.[\/vc_column_text][\/vc_column_inner][\/vc_row_inner][vc_row_inner row_inner_height_percent=&#8221;0&#8243; overlay_alpha=&#8221;50&#8243; gutter_size=&#8221;3&#8243; shift_y=&#8221;0&#8243; z_index=&#8221;0&#8243; uncode_shortcode_id=&#8221;144325&#8243;][vc_column_inner column_width_percent=&#8221;100&#8243; gutter_size=&#8221;3&#8243; override_padding=&#8221;yes&#8221; column_padding=&#8221;5&#8243; style=&#8221;light&#8221; back_color=&#8221;color-light&#8221; overlay_alpha=&#8221;50&#8243; shift_x=&#8221;0&#8243; shift_y=&#8221;0&#8243; shift_y_down=&#8221;0&#8243; z_index=&#8221;0&#8243; medium_width=&#8221;0&#8243; mobile_width=&#8221;0&#8243; width=&#8221;1\/2&#8243; uncode_shortcode_id=&#8221;142746&#8243; back_color_type=&#8221;uncode-palette&#8221; css=&#8221;.vc_custom_1643841036247{padding-bottom: 0px !important;}&#8221;][vc_single_image media=&#8221;1574&#8243; media_width_percent=&#8221;70&#8243; uncode_shortcode_id=&#8221;122501&#8243;][\/vc_column_inner][vc_column_inner width=&#8221;1\/2&#8243;][\/vc_column_inner][\/vc_row_inner][vc_row_inner row_inner_height_percent=&#8221;0&#8243; overlay_alpha=&#8221;50&#8243; gutter_size=&#8221;3&#8243; shift_y=&#8221;0&#8243; z_index=&#8221;0&#8243; uncode_shortcode_id=&#8221;134388&#8243; css=&#8221;.vc_custom_1643841043967{padding-top: 0px !important;}&#8221;][vc_column_inner column_width_percent=&#8221;100&#8243; gutter_size=&#8221;3&#8243; override_padding=&#8221;yes&#8221; column_padding=&#8221;5&#8243; style=&#8221;light&#8221; back_color=&#8221;color-light&#8221; overlay_alpha=&#8221;50&#8243; shift_x=&#8221;0&#8243; shift_y=&#8221;0&#8243; shift_y_down=&#8221;0&#8243; z_index=&#8221;0&#8243; medium_width=&#8221;0&#8243; mobile_width=&#8221;0&#8243; width=&#8221;1\/1&#8243; uncode_shortcode_id=&#8221;880482&#8243; back_color_type=&#8221;uncode-palette&#8221; css=&#8221;.vc_custom_1643841050607{padding-top: 0px !important;}&#8221;][vc_column_text uncode_shortcode_id=&#8221;563195&#8243;]<strong>Weitere Einblicke in unsere Kanzlei findest Du auf\u00a0unserem\u00a0<a href=\"https:\/\/www.talentrocket.de\/arbeitgeberfinder\/profil\/langwieser-rechtsanwaelte-partnerschaft-mbb\/uebersicht\">Talent\u00a0Rocket\u00a0Hub<\/a>.<\/strong>[\/vc_column_text][\/vc_column_inner][\/vc_row_inner][\/vc_column][\/vc_row]<\/p>\n<\/div>","protected":false},"excerpt":{"rendered":"<p>[vc_row unlock_row_content=&#8221;yes&#8221; row_height_percent=&#8221;0&#8243; override_padding=&#8221;yes&#8221; h_padding=&#8221;0&#8243; top_padding=&#8221;0&#8243; bottom_padding=&#8221;0&#8243; overlay_alpha=&#8221;50&#8243; equal_height=&#8221;yes&#8221; gutter_size=&#8221;0&#8243; column_width_percent=&#8221;100&#8243; shift_y=&#8221;0&#8243; z_index=&#8221;0&#8243; uncode_shortcode_id=&#8221;751018&#8243;][vc_column column_width_percent=&#8221;100&#8243; gutter_size=&#8221;3&#8243; override_padding=&#8221;yes&#8221; column_padding=&#8221;5&#8243; style=&#8221;dark&#8221; back_color=&#8221;color-darkerblue&#8221; [&hellip;]<\/p>\n","protected":false},"author":1,"featured_media":0,"parent":0,"menu_order":0,"comment_status":"closed","ping_status":"closed","template":"","meta":{"footnotes":""},"class_list":["post-2110","page","type-page","status-publish","hentry"],"_links":{"self":[{"href":"https:\/\/langwieser.de\/en\/wp-json\/wp\/v2\/pages\/2110","targetHints":{"allow":["GET"]}}],"collection":[{"href":"https:\/\/langwieser.de\/en\/wp-json\/wp\/v2\/pages"}],"about":[{"href":"https:\/\/langwieser.de\/en\/wp-json\/wp\/v2\/types\/page"}],"author":[{"embeddable":true,"href":"https:\/\/langwieser.de\/en\/wp-json\/wp\/v2\/users\/1"}],"replies":[{"embeddable":true,"href":"https:\/\/langwieser.de\/en\/wp-json\/wp\/v2\/comments?post=2110"}],"version-history":[{"count":14,"href":"https:\/\/langwieser.de\/en\/wp-json\/wp\/v2\/pages\/2110\/revisions"}],"predecessor-version":[{"id":3552,"href":"https:\/\/langwieser.de\/en\/wp-json\/wp\/v2\/pages\/2110\/revisions\/3552"}],"wp:attachment":[{"href":"https:\/\/langwieser.de\/en\/wp-json\/wp\/v2\/media?parent=2110"}],"curies":[{"name":"wp","href":"https:\/\/api.w.org\/{rel}","templated":true}]}}